{"id":1927,"date":"2022-07-05T19:24:11","date_gmt":"2022-07-05T17:24:11","guid":{"rendered":"https:\/\/cogemat.it\/press\/"},"modified":"2023-01-04T18:55:50","modified_gmt":"2023-01-04T17:55:50","slug":"press","status":"publish","type":"page","link":"https:\/\/cogemat.it\/it\/press\/","title":{"rendered":"Press"},"content":{"rendered":"<section class=\"l-section wpb_row us_custom_4af741be height_medium width_full\"><div class=\"l-section-h i-cf\"><div class=\"g-cols vc_row via_grid cols_1 laptops-cols_inherit tablets-cols_inherit mobiles-cols_1 valign_top type_default stacking_default\"><div class=\"wpb_column vc_column_container us_custom_9801a3bc has_bg_color\"><div class=\"vc_column-inner\"><\/div><\/div><\/div><\/div><\/section><section class=\"l-section wpb_row us_custom_eef79b84 height_medium\"><div class=\"l-section-h i-cf\"><div class=\"g-cols vc_row via_grid cols_1 laptops-cols_inherit tablets-cols_inherit mobiles-cols_1 valign_top type_default stacking_default\"><div class=\"wpb_column vc_column_container\"><div class=\"vc_column-inner\"><h1 class=\"w-text us_custom_855ccb91\"><span class=\"w-text-h\"><span class=\"w-text-value\">Press<\/span><\/span><\/h1><\/div><\/div><\/div><\/div><\/section><section class=\"l-section wpb_row us_custom_4d1b9682 height_medium\"><div class=\"l-section-h i-cf\"><div class=\"g-cols vc_row via_grid cols_1 laptops-cols_inherit tablets-cols_inherit mobiles-cols_1 valign_top type_default stacking_default\"><div class=\"wpb_column vc_column_container\"><div class=\"vc_column-inner\"><h3 class=\"w-text us_custom_bfe3cbd8\"><span class=\"w-text-h\"><span class=\"w-text-value\">Cogemat world news<\/span><\/span><\/h3><\/div><\/div><\/div><\/div><\/section><section class=\"l-section wpb_row us_custom_892d2726 height_medium\"><div class=\"l-section-h i-cf\"><div class=\"g-cols vc_row via_grid cols_1-2 laptops-cols_inherit tablets-cols_inherit mobiles-cols_1 valign_top type_default stacking_default\"><div class=\"wpb_column vc_column_container\"><div class=\"vc_column-inner\"><div class=\"w-image align_center\"><div class=\"w-image-h\"><img decoding=\"async\" width=\"600\" height=\"750\" src=\"https:\/\/cogemat.it\/wp-content\/uploads\/2022\/07\/santo-domingo.jpg\" class=\"attachment-large size-large\" alt=\"\" loading=\"lazy\" srcset=\"https:\/\/cogemat.it\/wp-content\/uploads\/2022\/07\/santo-domingo.jpg 600w, https:\/\/cogemat.it\/wp-content\/uploads\/2022\/07\/santo-domingo-240x300.jpg 240w, https:\/\/cogemat.it\/wp-content\/uploads\/2022\/07\/santo-domingo-36x45.jpg 36w, https:\/\/cogemat.it\/wp-content\/uploads\/2022\/07\/santo-domingo-320x400.jpg 320w\" sizes=\"(max-width: 600px) 100vw, 600px\" \/><\/div><\/div><div class=\"wpb_text_column us_custom_e000436c\"><div class=\"wpb_wrapper\"><p>El Embajador de La Republica Dominicana S.E. Tony Raful, encuentra Gioacchino Arena, Director de la compa\u00f1\u00eda italiana COGEMAT, con m\u00e1s de 45 a\u00f1os de experiencia, quienes se dedican al dise\u00f1o y construcci\u00f3n del sistema de sacrificio de ganado<\/p>\n<\/div><\/div><div class=\"w-image us_custom_50cc7d67 align_center\"><div class=\"w-image-h\"><img decoding=\"async\" width=\"717\" height=\"1024\" src=\"https:\/\/cogemat.it\/wp-content\/uploads\/2022\/07\/Cogemat-arab-news-717x1024.jpg\" class=\"attachment-large size-large\" alt=\"\" loading=\"lazy\" srcset=\"https:\/\/cogemat.it\/wp-content\/uploads\/2022\/07\/Cogemat-arab-news-717x1024.jpg 717w, https:\/\/cogemat.it\/wp-content\/uploads\/2022\/07\/Cogemat-arab-news-210x300.jpg 210w, https:\/\/cogemat.it\/wp-content\/uploads\/2022\/07\/Cogemat-arab-news-32x45.jpg 32w, https:\/\/cogemat.it\/wp-content\/uploads\/2022\/07\/Cogemat-arab-news-280x400.jpg 280w, https:\/\/cogemat.it\/wp-content\/uploads\/2022\/07\/Cogemat-arab-news.jpg 1000w\" sizes=\"(max-width: 717px) 100vw, 717px\" \/><\/div><\/div><div class=\"w-image align_none\"><div class=\"w-image-h\"><img decoding=\"async\" width=\"600\" height=\"946\" src=\"https:\/\/cogemat.it\/wp-content\/uploads\/2022\/07\/Cogemat-saudi-gazette2.jpg\" class=\"attachment-large size-large\" alt=\"\" loading=\"lazy\" srcset=\"https:\/\/cogemat.it\/wp-content\/uploads\/2022\/07\/Cogemat-saudi-gazette2.jpg 600w, https:\/\/cogemat.it\/wp-content\/uploads\/2022\/07\/Cogemat-saudi-gazette2-190x300.jpg 190w, https:\/\/cogemat.it\/wp-content\/uploads\/2022\/07\/Cogemat-saudi-gazette2-29x45.jpg 29w, https:\/\/cogemat.it\/wp-content\/uploads\/2022\/07\/Cogemat-saudi-gazette2-254x400.jpg 254w\" sizes=\"(max-width: 600px) 100vw, 600px\" \/><\/div><\/div><\/div><\/div><div class=\"wpb_column vc_column_container\"><div class=\"vc_column-inner\"><div class=\"w-image us_custom_50cc7d67 align_left\"><div class=\"w-image-h\"><img decoding=\"async\" width=\"1024\" height=\"534\" src=\"https:\/\/cogemat.it\/wp-content\/uploads\/2022\/07\/cogemat-mina-large-1024x534.jpg\" class=\"attachment-large size-large\" alt=\"\" loading=\"lazy\" srcset=\"https:\/\/cogemat.it\/wp-content\/uploads\/2022\/07\/cogemat-mina-large-1024x534.jpg 1024w, https:\/\/cogemat.it\/wp-content\/uploads\/2022\/07\/cogemat-mina-large-300x157.jpg 300w, https:\/\/cogemat.it\/wp-content\/uploads\/2022\/07\/cogemat-mina-large-60x31.jpg 60w, https:\/\/cogemat.it\/wp-content\/uploads\/2022\/07\/cogemat-mina-large-600x313.jpg 600w, https:\/\/cogemat.it\/wp-content\/uploads\/2022\/07\/cogemat-mina-large.jpg 1200w\" sizes=\"(max-width: 1024px) 100vw, 1024px\" \/><\/div><\/div><div class=\"w-image us_custom_50cc7d67 align_left\"><div class=\"w-image-h\"><img decoding=\"async\" width=\"1024\" height=\"916\" src=\"https:\/\/cogemat.it\/wp-content\/uploads\/2022\/07\/cogemat-eurocarni-1024x916.jpg\" class=\"attachment-large size-large\" alt=\"\" loading=\"lazy\" srcset=\"https:\/\/cogemat.it\/wp-content\/uploads\/2022\/07\/cogemat-eurocarni-1024x916.jpg 1024w, https:\/\/cogemat.it\/wp-content\/uploads\/2022\/07\/cogemat-eurocarni-300x268.jpg 300w, https:\/\/cogemat.it\/wp-content\/uploads\/2022\/07\/cogemat-eurocarni-50x45.jpg 50w, https:\/\/cogemat.it\/wp-content\/uploads\/2022\/07\/cogemat-eurocarni-447x400.jpg 447w, https:\/\/cogemat.it\/wp-content\/uploads\/2022\/07\/cogemat-eurocarni.jpg 1200w\" sizes=\"(max-width: 1024px) 100vw, 1024px\" \/><\/div><\/div><div class=\"w-image align_left\"><div class=\"w-image-h\"><img decoding=\"async\" width=\"1024\" height=\"801\" src=\"https:\/\/cogemat.it\/wp-content\/uploads\/2022\/07\/Cogemat-press-alayaam-1024x801.jpg\" class=\"attachment-large size-large\" alt=\"\" loading=\"lazy\" srcset=\"https:\/\/cogemat.it\/wp-content\/uploads\/2022\/07\/Cogemat-press-alayaam-1024x801.jpg 1024w, https:\/\/cogemat.it\/wp-content\/uploads\/2022\/07\/Cogemat-press-alayaam-300x235.jpg 300w, https:\/\/cogemat.it\/wp-content\/uploads\/2022\/07\/Cogemat-press-alayaam-58x45.jpg 58w, https:\/\/cogemat.it\/wp-content\/uploads\/2022\/07\/Cogemat-press-alayaam-511x400.jpg 511w, https:\/\/cogemat.it\/wp-content\/uploads\/2022\/07\/Cogemat-press-alayaam.jpg 1200w\" sizes=\"(max-width: 1024px) 100vw, 1024px\" \/><\/div><\/div><\/div><\/div><\/div><\/div><\/section>\n","protected":false},"excerpt":{"rendered":"PressCogemat world newsEl Embajador de La Republica Dominicana S.E. Tony Raful, encuentra Gioacchino Arena, Director de la compa\u00f1\u00eda italiana COGEMAT, con m\u00e1s de 45 a\u00f1os de experiencia, quienes se dedican al dise\u00f1o y construcci\u00f3n del sistema de sacrificio de ganado","protected":false},"author":6,"featured_media":0,"parent":0,"menu_order":0,"comment_status":"closed","ping_status":"closed","template":"","meta":{"footnotes":""},"_links":{"self":[{"href":"https:\/\/cogemat.it\/it\/wp-json\/wp\/v2\/pages\/1927"}],"collection":[{"href":"https:\/\/cogemat.it\/it\/wp-json\/wp\/v2\/pages"}],"about":[{"href":"https:\/\/cogemat.it\/it\/wp-json\/wp\/v2\/types\/page"}],"author":[{"embeddable":true,"href":"https:\/\/cogemat.it\/it\/wp-json\/wp\/v2\/users\/6"}],"replies":[{"embeddable":true,"href":"https:\/\/cogemat.it\/it\/wp-json\/wp\/v2\/comments?post=1927"}],"version-history":[{"count":1,"href":"https:\/\/cogemat.it\/it\/wp-json\/wp\/v2\/pages\/1927\/revisions"}],"predecessor-version":[{"id":1928,"href":"https:\/\/cogemat.it\/it\/wp-json\/wp\/v2\/pages\/1927\/revisions\/1928"}],"wp:attachment":[{"href":"https:\/\/cogemat.it\/it\/wp-json\/wp\/v2\/media?parent=1927"}],"curies":[{"name":"wp","href":"https:\/\/api.w.org\/{rel}","templated":true}]}}