{"id":1922,"date":"2022-07-05T19:22:32","date_gmt":"2022-07-05T17:22:32","guid":{"rendered":"https:\/\/cogemat.it\/latest-project\/"},"modified":"2023-01-10T11:14:53","modified_gmt":"2023-01-10T10:14:53","slug":"latest-project","status":"publish","type":"page","link":"https:\/\/cogemat.it\/fr\/latest-project\/","title":{"rendered":"Latest Project"},"content":{"rendered":"<section class=\"l-section wpb_row us_custom_4af741be height_medium width_full\"><div class=\"l-section-h i-cf\"><div class=\"g-cols vc_row via_grid cols_1 laptops-cols_inherit tablets-cols_inherit mobiles-cols_1 valign_top type_default stacking_default\"><div class=\"wpb_column vc_column_container us_custom_9801a3bc has_bg_color\"><div class=\"vc_column-inner\"><\/div><\/div><\/div><\/div><\/section><section class=\"l-section wpb_row us_custom_eef79b84 height_medium\"><div class=\"l-section-h i-cf\"><div class=\"g-cols vc_row via_grid cols_1 laptops-cols_inherit tablets-cols_inherit mobiles-cols_1 valign_top type_default stacking_default\"><div class=\"wpb_column vc_column_container\"><div class=\"vc_column-inner\"><h1 class=\"w-text us_custom_855ccb91\"><span class=\"w-text-h\"><span class=\"w-text-value\">LE PROJECT LE PLUS RECENT<\/span><\/span><\/h1><\/div><\/div><\/div><\/div><\/section><section class=\"l-section wpb_row us_custom_eac59c77 height_medium\"><div class=\"l-section-h i-cf\"><div class=\"g-cols vc_row via_grid cols_2 laptops-cols_inherit tablets-cols_inherit mobiles-cols_1 valign_middle type_default stacking_default\"><div class=\"wpb_column vc_column_container\"><div class=\"vc_column-inner\"><p class=\"w-text us_custom_2bbcadef has_text_color\"><span class=\"w-text-h\"><span class=\"w-text-value\">Fayoum &#8211; Egypte<\/span><\/span><\/p><h3 class=\"w-text us_custom_9de87d4e\"><span class=\"w-text-h\"><span class=\"w-text-value\">Abattoir cl\u00e9 en main avec installation compl\u00e8te de transformation de viandes jusqu\u2019\u00e0 la viande en boite et installations de cong\u00e9lation<\/span><\/span><\/h3><\/div><\/div><div class=\"wpb_column vc_column_container\"><div class=\"vc_column-inner\"><div class=\"w-image align_none\"><div class=\"w-image-h\"><img decoding=\"async\" width=\"600\" height=\"348\" src=\"https:\/\/cogemat.it\/wp-content\/uploads\/2022\/08\/Arena-in-video.jpg\" class=\"attachment-large size-large\" alt=\"\" loading=\"lazy\" srcset=\"https:\/\/cogemat.it\/wp-content\/uploads\/2022\/08\/Arena-in-video.jpg 600w, https:\/\/cogemat.it\/wp-content\/uploads\/2022\/08\/Arena-in-video-300x174.jpg 300w, https:\/\/cogemat.it\/wp-content\/uploads\/2022\/08\/Arena-in-video-60x35.jpg 60w\" sizes=\"(max-width: 600px) 100vw, 600px\" \/><\/div><\/div><\/div><\/div><\/div><\/div><\/section><section class=\"l-section wpb_row us_custom_9df93fbc height_medium\"><div class=\"l-section-h i-cf\"><div class=\"g-cols vc_row via_grid cols_2 laptops-cols_inherit tablets-cols_inherit mobiles-cols_1 valign_middle type_default stacking_default\"><div class=\"wpb_column vc_column_container\"><div class=\"vc_column-inner\"><div class=\"wpb_text_column\"><div class=\"wpb_wrapper\"><ul>\n<li>Travaux de g\u00e9nie civil complets, installations \u00e9lectriques<br \/>\net de plomberie<\/li>\n<li>40 bovins par heure, rite Halal<\/li>\n<li>Stockage de 1200 carcasses et 350 tonnes congel\u00e9es<\/li>\n<li>Traitement des sous-produits et collecte du fumier<\/li>\n<li>R\u00e9frig\u00e9ration, climatisation, cong\u00e9lation<\/li>\n<li>Air comprim\u00e9, eau chaude et g\u00e9n\u00e9rateur de vapeur,<br \/>\npuissance 900 kw<\/li>\n<\/ul>\n<\/div><\/div><\/div><\/div><div class=\"wpb_column vc_column_container\"><div class=\"vc_column-inner\"><div class=\"wpb_text_column\"><div class=\"wpb_wrapper\"><ul>\n<li>Unit\u00e9 de purification d\u2019eau et traitement des eaux us\u00e9es<\/li>\n<li>40 postes de d\u00e9sossage et deux syst\u00e8mes verticaux.<\/li>\n<li>Emballage sous vide, thermor\u00e9tractable, s\u00e9chage<\/li>\n<li>Production de saucisses, hamburgers, saucisson<\/li>\n<li>Ligne d\u2019encartonnage avec d\u00e9tecteur de m\u00e9taux<\/li>\n<li>Laboratoire v\u00e9t\u00e9rinaire, incin\u00e9rateur, syst\u00e8me de tra\u00e7abilit\u00e9<\/li>\n<li>Traitement du sang et d\u2019\u00e9quarrissage pour os et gras<\/li>\n<\/ul>\n<\/div><\/div><\/div><\/div><\/div><\/div><\/section><section class=\"l-section wpb_row us_custom_539f15ee height_medium\"><div class=\"l-section-h i-cf\"><div class=\"g-cols vc_row via_grid cols_3 laptops-cols_inherit tablets-cols_inherit mobiles-cols_1 valign_top type_default stacking_default\" style=\"--columns-gap:1.3rem;\"><div class=\"wpb_column vc_column_container\"><div class=\"vc_column-inner\"><div class=\"w-image align_center\"><div class=\"w-image-h\"><img decoding=\"async\" width=\"1024\" height=\"768\" src=\"https:\/\/cogemat.it\/wp-content\/uploads\/2022\/08\/fajoum-cogemat-abattoir.jpg\" class=\"attachment-large size-large\" alt=\"\" loading=\"lazy\" srcset=\"https:\/\/cogemat.it\/wp-content\/uploads\/2022\/08\/fajoum-cogemat-abattoir.jpg 1024w, https:\/\/cogemat.it\/wp-content\/uploads\/2022\/08\/fajoum-cogemat-abattoir-300x225.jpg 300w, https:\/\/cogemat.it\/wp-content\/uploads\/2022\/08\/fajoum-cogemat-abattoir-60x45.jpg 60w, https:\/\/cogemat.it\/wp-content\/uploads\/2022\/08\/fajoum-cogemat-abattoir-533x400.jpg 533w, https:\/\/cogemat.it\/wp-content\/uploads\/2022\/08\/fajoum-cogemat-abattoir-800x600.jpg 800w, https:\/\/cogemat.it\/wp-content\/uploads\/2022\/08\/fajoum-cogemat-abattoir-480x360.jpg 480w\" sizes=\"(max-width: 1024px) 100vw, 1024px\" \/><\/div><\/div><\/div><\/div><div class=\"wpb_column vc_column_container\"><div class=\"vc_column-inner\"><div class=\"w-image align_center\"><div class=\"w-image-h\"><img decoding=\"async\" width=\"1024\" height=\"768\" src=\"https:\/\/cogemat.it\/wp-content\/uploads\/2022\/08\/fajoum-cogemat-turn-key2-1024x768.jpg\" class=\"attachment-large size-large\" alt=\"\" loading=\"lazy\" srcset=\"https:\/\/cogemat.it\/wp-content\/uploads\/2022\/08\/fajoum-cogemat-turn-key2-1024x768.jpg 1024w, https:\/\/cogemat.it\/wp-content\/uploads\/2022\/08\/fajoum-cogemat-turn-key2-300x225.jpg 300w, https:\/\/cogemat.it\/wp-content\/uploads\/2022\/08\/fajoum-cogemat-turn-key2-60x45.jpg 60w, https:\/\/cogemat.it\/wp-content\/uploads\/2022\/08\/fajoum-cogemat-turn-key2-533x400.jpg 533w, https:\/\/cogemat.it\/wp-content\/uploads\/2022\/08\/fajoum-cogemat-turn-key2-800x600.jpg 800w, https:\/\/cogemat.it\/wp-content\/uploads\/2022\/08\/fajoum-cogemat-turn-key2-480x360.jpg 480w, https:\/\/cogemat.it\/wp-content\/uploads\/2022\/08\/fajoum-cogemat-turn-key2.jpg 1032w\" sizes=\"(max-width: 1024px) 100vw, 1024px\" \/><\/div><\/div><\/div><\/div><div class=\"wpb_column vc_column_container\"><div class=\"vc_column-inner\"><div class=\"w-image align_center\"><div class=\"w-image-h\"><img decoding=\"async\" width=\"1024\" height=\"768\" src=\"https:\/\/cogemat.it\/wp-content\/uploads\/2022\/08\/fajoum-cogemat-turnkey-1024x768.jpg\" class=\"attachment-large size-large\" alt=\"\" loading=\"lazy\" srcset=\"https:\/\/cogemat.it\/wp-content\/uploads\/2022\/08\/fajoum-cogemat-turnkey-1024x768.jpg 1024w, https:\/\/cogemat.it\/wp-content\/uploads\/2022\/08\/fajoum-cogemat-turnkey-300x225.jpg 300w, https:\/\/cogemat.it\/wp-content\/uploads\/2022\/08\/fajoum-cogemat-turnkey-60x45.jpg 60w, https:\/\/cogemat.it\/wp-content\/uploads\/2022\/08\/fajoum-cogemat-turnkey-533x400.jpg 533w, https:\/\/cogemat.it\/wp-content\/uploads\/2022\/08\/fajoum-cogemat-turnkey-800x600.jpg 800w, https:\/\/cogemat.it\/wp-content\/uploads\/2022\/08\/fajoum-cogemat-turnkey-480x360.jpg 480w, https:\/\/cogemat.it\/wp-content\/uploads\/2022\/08\/fajoum-cogemat-turnkey.jpg 1200w\" sizes=\"(max-width: 1024px) 100vw, 1024px\" \/><\/div><\/div><\/div><\/div><div class=\"wpb_column vc_column_container\"><div class=\"vc_column-inner\"><div class=\"w-image align_center\"><div class=\"w-image-h\"><img decoding=\"async\" width=\"1024\" height=\"934\" src=\"https:\/\/cogemat.it\/wp-content\/uploads\/2022\/08\/alal-cogemat-abattoir-1024x934.jpg\" class=\"attachment-large size-large\" alt=\"\" loading=\"lazy\" srcset=\"https:\/\/cogemat.it\/wp-content\/uploads\/2022\/08\/alal-cogemat-abattoir-1024x934.jpg 1024w, https:\/\/cogemat.it\/wp-content\/uploads\/2022\/08\/alal-cogemat-abattoir-300x274.jpg 300w, https:\/\/cogemat.it\/wp-content\/uploads\/2022\/08\/alal-cogemat-abattoir-49x45.jpg 49w, https:\/\/cogemat.it\/wp-content\/uploads\/2022\/08\/alal-cogemat-abattoir-439x400.jpg 439w, https:\/\/cogemat.it\/wp-content\/uploads\/2022\/08\/alal-cogemat-abattoir.jpg 1200w\" sizes=\"(max-width: 1024px) 100vw, 1024px\" \/><\/div><\/div><\/div><\/div><div class=\"wpb_column vc_column_container\"><div class=\"vc_column-inner\"><div class=\"w-image align_center\"><div class=\"w-image-h\"><img decoding=\"async\" width=\"600\" height=\"480\" src=\"https:\/\/cogemat.it\/wp-content\/uploads\/2022\/07\/cogemat-meat-processing.jpg\" class=\"attachment-large size-large\" alt=\"\" loading=\"lazy\" srcset=\"https:\/\/cogemat.it\/wp-content\/uploads\/2022\/07\/cogemat-meat-processing.jpg 600w, https:\/\/cogemat.it\/wp-content\/uploads\/2022\/07\/cogemat-meat-processing-300x240.jpg 300w, https:\/\/cogemat.it\/wp-content\/uploads\/2022\/07\/cogemat-meat-processing-56x45.jpg 56w, https:\/\/cogemat.it\/wp-content\/uploads\/2022\/07\/cogemat-meat-processing-500x400.jpg 500w\" sizes=\"(max-width: 600px) 100vw, 600px\" \/><\/div><\/div><\/div><\/div><div class=\"wpb_column vc_column_container\"><div class=\"vc_column-inner\"><div class=\"w-image align_center\"><div class=\"w-image-h\"><img decoding=\"async\" width=\"600\" height=\"348\" src=\"https:\/\/cogemat.it\/wp-content\/uploads\/2022\/08\/arena-al-sisi-egypt.jpg\" class=\"attachment-large size-large\" alt=\"\" loading=\"lazy\" srcset=\"https:\/\/cogemat.it\/wp-content\/uploads\/2022\/08\/arena-al-sisi-egypt.jpg 600w, https:\/\/cogemat.it\/wp-content\/uploads\/2022\/08\/arena-al-sisi-egypt-300x174.jpg 300w, https:\/\/cogemat.it\/wp-content\/uploads\/2022\/08\/arena-al-sisi-egypt-60x35.jpg 60w\" sizes=\"(max-width: 600px) 100vw, 600px\" \/><\/div><\/div><\/div><\/div><\/div><\/div><\/section><section class=\"l-section wpb_row us_custom_887a049b height_medium\"><div class=\"l-section-h i-cf\"><div class=\"g-cols vc_row via_grid cols_2 laptops-cols_inherit tablets-cols_inherit mobiles-cols_1 valign_middle type_default stacking_default\" style=\"--columns-gap:0rem;\"><div class=\"wpb_column vc_column_container\"><div class=\"vc_column-inner\"><div class=\"w-image align_center\"><a ref=\"magnificPopup\" href=\"https:\/\/cogemat.it\/wp-content\/uploads\/2022\/08\/fajoum-cogemat-abattoir-egypt.jpg\" aria-label=\"fajoum-cogemat-abattoir-egypt\" class=\"w-image-h\"><img decoding=\"async\" width=\"1200\" height=\"781\" src=\"https:\/\/cogemat.it\/wp-content\/uploads\/2022\/08\/fajoum-cogemat-abattoir-egypt.jpg\" class=\"attachment-full size-full\" alt=\"\" loading=\"lazy\" srcset=\"https:\/\/cogemat.it\/wp-content\/uploads\/2022\/08\/fajoum-cogemat-abattoir-egypt.jpg 1200w, https:\/\/cogemat.it\/wp-content\/uploads\/2022\/08\/fajoum-cogemat-abattoir-egypt-300x195.jpg 300w, https:\/\/cogemat.it\/wp-content\/uploads\/2022\/08\/fajoum-cogemat-abattoir-egypt-1024x666.jpg 1024w, https:\/\/cogemat.it\/wp-content\/uploads\/2022\/08\/fajoum-cogemat-abattoir-egypt-60x39.jpg 60w, https:\/\/cogemat.it\/wp-content\/uploads\/2022\/08\/fajoum-cogemat-abattoir-egypt-600x391.jpg 600w\" sizes=\"(max-width: 1200px) 100vw, 1200px\" \/><\/a><\/div><\/div><\/div><div class=\"wpb_column vc_column_container\"><div class=\"vc_column-inner\"><div class=\"w-image align_none\"><a ref=\"magnificPopup\" href=\"https:\/\/cogemat.it\/wp-content\/uploads\/2022\/08\/fajoum-cogemat-turn-key.jpg\" aria-label=\"fajoum-cogemat-turn-key\" class=\"w-image-h\"><img decoding=\"async\" width=\"1600\" height=\"565\" src=\"https:\/\/cogemat.it\/wp-content\/uploads\/2022\/08\/fajoum-cogemat-turn-key.jpg\" class=\"attachment-full size-full\" alt=\"\" loading=\"lazy\" srcset=\"https:\/\/cogemat.it\/wp-content\/uploads\/2022\/08\/fajoum-cogemat-turn-key.jpg 1600w, https:\/\/cogemat.it\/wp-content\/uploads\/2022\/08\/fajoum-cogemat-turn-key-300x106.jpg 300w, https:\/\/cogemat.it\/wp-content\/uploads\/2022\/08\/fajoum-cogemat-turn-key-1024x362.jpg 1024w, https:\/\/cogemat.it\/wp-content\/uploads\/2022\/08\/fajoum-cogemat-turn-key-60x21.jpg 60w, https:\/\/cogemat.it\/wp-content\/uploads\/2022\/08\/fajoum-cogemat-turn-key-600x212.jpg 600w\" sizes=\"(max-width: 1600px) 100vw, 1600px\" \/><\/a><\/div><\/div><\/div><\/div><\/div><\/section><section class=\"l-section wpb_row height_medium\"><div class=\"l-section-h i-cf\"><div class=\"g-cols vc_row via_grid cols_2-1 laptops-cols_inherit tablets-cols_inherit mobiles-cols_1 valign_top type_default stacking_default\"><div class=\"wpb_column vc_column_container\"><div class=\"vc_column-inner\"><div class=\"w-image align_none\"><a ref=\"magnificPopup\" href=\"https:\/\/cogemat.it\/wp-content\/uploads\/2022\/08\/egypt-cogemat-turn-key.jpg\" aria-label=\"egypt-cogemat-turn-key\" class=\"w-image-h\"><img decoding=\"async\" width=\"1024\" height=\"596\" src=\"https:\/\/cogemat.it\/wp-content\/uploads\/2022\/08\/egypt-cogemat-turn-key-1024x596.jpg\" class=\"attachment-large size-large\" alt=\"\" loading=\"lazy\" srcset=\"https:\/\/cogemat.it\/wp-content\/uploads\/2022\/08\/egypt-cogemat-turn-key-1024x596.jpg 1024w, https:\/\/cogemat.it\/wp-content\/uploads\/2022\/08\/egypt-cogemat-turn-key-300x175.jpg 300w, https:\/\/cogemat.it\/wp-content\/uploads\/2022\/08\/egypt-cogemat-turn-key-60x35.jpg 60w, https:\/\/cogemat.it\/wp-content\/uploads\/2022\/08\/egypt-cogemat-turn-key-600x350.jpg 600w, https:\/\/cogemat.it\/wp-content\/uploads\/2022\/08\/egypt-cogemat-turn-key.jpg 1313w\" sizes=\"(max-width: 1024px) 100vw, 1024px\" \/><\/a><\/div><\/div><\/div><div class=\"wpb_column vc_column_container\"><div class=\"vc_column-inner\"><div class=\"wpb_text_column us_custom_ee577f3e\"><div class=\"wpb_wrapper\"><ol>\n<li>Zone libre pour animaux<\/li>\n<li>Etables<\/li>\n<li>Abattoir<\/li>\n<li>Resevoir d\u2019eau 500 m.c.<\/li>\n<li>Traitement des eaux usees<\/li>\n<li>Station d\u2019air comprime et d\u2019eau chaude<\/li>\n<li>\u00c9quarrissage, traitement du sang<\/li>\n<li>Generateur de vapeur et incin\u00e9rateur<\/li>\n<li>Chambres froides<\/li>\n<li>Machines r\u00e9frig\u00e9rantes<\/li>\n<li>Cong\u00e9lateurs et zone de conservation<\/li>\n<li>Desossage et traitement des viandes<\/li>\n<li>Bureaux et services divers<\/li>\n<li>Distribution du produit<\/li>\n<li>Distribution des carcasses<\/li>\n<\/ol>\n<\/div><\/div><\/div><\/div><\/div><\/div><\/section>\n","protected":false},"excerpt":{"rendered":"LE PROJECT LE PLUS RECENTFayoum &#8211; EgypteAbattoir cl\u00e9 en main avec installation compl\u00e8te de transformation de viandes jusqu\u2019\u00e0 la viande en boite et installations de cong\u00e9lation Travaux de g\u00e9nie civil complets, installations \u00e9lectriques et de plomberie 40 bovins par heure, rite Halal Stockage de 1200 carcasses et 350 tonnes congel\u00e9es Traitement des sous-produits et collecte...","protected":false},"author":6,"featured_media":0,"parent":0,"menu_order":0,"comment_status":"closed","ping_status":"closed","template":"","meta":{"footnotes":""},"_links":{"self":[{"href":"https:\/\/cogemat.it\/fr\/wp-json\/wp\/v2\/pages\/1922"}],"collection":[{"href":"https:\/\/cogemat.it\/fr\/wp-json\/wp\/v2\/pages"}],"about":[{"href":"https:\/\/cogemat.it\/fr\/wp-json\/wp\/v2\/types\/page"}],"author":[{"embeddable":true,"href":"https:\/\/cogemat.it\/fr\/wp-json\/wp\/v2\/users\/6"}],"replies":[{"embeddable":true,"href":"https:\/\/cogemat.it\/fr\/wp-json\/wp\/v2\/comments?post=1922"}],"version-history":[{"count":6,"href":"https:\/\/cogemat.it\/fr\/wp-json\/wp\/v2\/pages\/1922\/revisions"}],"predecessor-version":[{"id":2052,"href":"https:\/\/cogemat.it\/fr\/wp-json\/wp\/v2\/pages\/1922\/revisions\/2052"}],"wp:attachment":[{"href":"https:\/\/cogemat.it\/fr\/wp-json\/wp\/v2\/media?parent=1922"}],"curies":[{"name":"wp","href":"https:\/\/api.w.org\/{rel}","templated":true}]}}