{"id":1915,"date":"2022-07-05T20:27:53","date_gmt":"2022-07-05T18:27:53","guid":{"rendered":"https:\/\/cogemat.it\/traceability\/"},"modified":"2023-01-10T11:08:53","modified_gmt":"2023-01-10T10:08:53","slug":"traceability","status":"publish","type":"page","link":"https:\/\/cogemat.it\/fr\/traceability\/","title":{"rendered":"TRACEABILITY"},"content":{"rendered":"<section class=\"l-section wpb_row us_custom_4af741be height_medium width_full\"><div class=\"l-section-h i-cf\"><div class=\"g-cols vc_row via_grid cols_1 laptops-cols_inherit tablets-cols_inherit mobiles-cols_1 valign_top type_default stacking_default\"><div class=\"wpb_column vc_column_container us_custom_9801a3bc has_bg_color\"><div class=\"vc_column-inner\"><\/div><\/div><\/div><\/div><\/section><section class=\"l-section wpb_row us_custom_c5477efa height_medium with_img\"><div class=\"l-section-img\" role=\"img\" data-img-width=\"1920\" data-img-height=\"738\" style=\"background-image: url(https:\/\/cogemat.it\/wp-content\/uploads\/2022\/10\/traceability.jpg);background-repeat: no-repeat;\"><\/div><div class=\"l-section-overlay\" style=\"background:rgba(0,0,0,0.40)\"><\/div><div class=\"l-section-h i-cf\"><div class=\"g-cols vc_row via_grid cols_1 laptops-cols_inherit tablets-cols_inherit mobiles-cols_1 valign_top type_default stacking_default\"><div class=\"wpb_column vc_column_container\"><div class=\"vc_column-inner\"><h1 class=\"w-text us_custom_cd017069 has_text_color\"><span class=\"w-text-h\"><span class=\"w-text-value\">COGEMAT SYST\u00c8ME DE TRA\u00c7ABILIT\u00c9<\/span><\/span><\/h1><\/div><\/div><\/div><\/div><\/section><section class=\"l-section wpb_row height_medium\"><div class=\"l-section-h i-cf\"><div class=\"g-cols vc_row via_grid cols_1 laptops-cols_inherit tablets-cols_inherit mobiles-cols_1 valign_top type_default stacking_default\"><div class=\"wpb_column vc_column_container\"><div class=\"vc_column-inner\"><div class=\"w-image us_custom_eb849559 align_center\"><div class=\"w-image-h\"><img decoding=\"async\" width=\"1024\" height=\"614\" src=\"https:\/\/cogemat.it\/wp-content\/uploads\/2022\/07\/cogemat-traceability-plant-1024x614.jpg\" class=\"attachment-large size-large\" alt=\"\" loading=\"lazy\" srcset=\"https:\/\/cogemat.it\/wp-content\/uploads\/2022\/07\/cogemat-traceability-plant-1024x614.jpg 1024w, https:\/\/cogemat.it\/wp-content\/uploads\/2022\/07\/cogemat-traceability-plant-300x180.jpg 300w, https:\/\/cogemat.it\/wp-content\/uploads\/2022\/07\/cogemat-traceability-plant-60x36.jpg 60w, https:\/\/cogemat.it\/wp-content\/uploads\/2022\/07\/cogemat-traceability-plant-600x360.jpg 600w, https:\/\/cogemat.it\/wp-content\/uploads\/2022\/07\/cogemat-traceability-plant.jpg 1600w\" sizes=\"(max-width: 1024px) 100vw, 1024px\" \/><\/div><\/div><\/div><\/div><\/div><\/div><\/section><section class=\"l-section wpb_row us_custom_e663089f height_medium\"><div class=\"l-section-h i-cf\"><div class=\"g-cols vc_row via_grid cols_1 laptops-cols_1 tablets-cols_inherit mobiles-cols_1 valign_top type_default stacking_default\"><div class=\"wpb_column vc_column_container\"><div class=\"vc_column-inner\"><div class=\"wpb_text_column us_custom_c768789b\"><div class=\"wpb_wrapper\"><p>La sant\u00e9 des consommateurs, dans votre pays ou \u00e0 l\u2019\u00e9tranger, est votre objectif et notre satisfaction. Avec le syst\u00e8me de tra\u00e7abilit\u00e9 Cogemat, vous pouvez suivre le processus et conna\u00eetre l\u2019origine du produit final ainsi que la simple carcasse.<br \/>\nLe syst\u00e8me permet la saisie de beaucoup de donn\u00e9es n\u00e9cessaires pour le contr\u00f4le de la s\u00e9curit\u00e9 alimentaire et les donn\u00e9es comptables pour votre gestion interne et le contr\u00f4le de la qualit\u00e9. Chaque partie de l\u2019animal abattu re\u00e7oit le m\u00eame num\u00e9ro d\u2019identification qui sera r\u00e9p\u00e9t\u00e9 dans l\u2019\u00e9tiquette de l\u2019emballage final et il est valable pour la carcasse enti\u00e8re, la moiti\u00e9, l\u2019estomac, les abats rouges, la viande en tranches ou hach\u00e9e ou d\u2019autres produits trait\u00e9s \u00e0 l\u2019int\u00e9rieur de l\u2019abattoir.<\/p>\n<\/div><\/div><\/div><\/div><\/div><\/div><\/section><section class=\"l-section wpb_row us_custom_887a049b height_medium\"><div class=\"l-section-h i-cf\"><div class=\"g-cols vc_row via_grid cols_1 laptops-cols_inherit tablets-cols_inherit mobiles-cols_1 valign_top type_default stacking_default\"><div class=\"wpb_column vc_column_container\"><div class=\"vc_column-inner\"><div class=\"w-image us_custom_a7e9e680 align_center\"><div class=\"w-image-h\"><img decoding=\"async\" width=\"916\" height=\"1024\" src=\"https:\/\/cogemat.it\/wp-content\/uploads\/2022\/07\/traceability-cogemat-916x1024.png\" class=\"attachment-large size-large\" alt=\"\" loading=\"lazy\" srcset=\"https:\/\/cogemat.it\/wp-content\/uploads\/2022\/07\/traceability-cogemat-916x1024.png 916w, https:\/\/cogemat.it\/wp-content\/uploads\/2022\/07\/traceability-cogemat-268x300.png 268w, https:\/\/cogemat.it\/wp-content\/uploads\/2022\/07\/traceability-cogemat-40x45.png 40w, https:\/\/cogemat.it\/wp-content\/uploads\/2022\/07\/traceability-cogemat-358x400.png 358w, https:\/\/cogemat.it\/wp-content\/uploads\/2022\/07\/traceability-cogemat.png 1200w\" sizes=\"(max-width: 916px) 100vw, 916px\" \/><\/div><\/div><\/div><\/div><\/div><\/div><\/section>\n","protected":false},"excerpt":{"rendered":"COGEMAT SYST\u00c8ME DE TRA\u00c7ABILIT\u00c9La sant\u00e9 des consommateurs, dans votre pays ou \u00e0 l\u2019\u00e9tranger, est votre objectif et notre satisfaction. Avec le syst\u00e8me de tra\u00e7abilit\u00e9 Cogemat, vous pouvez suivre le processus et conna\u00eetre l\u2019origine du produit final ainsi que la simple carcasse. Le syst\u00e8me permet la saisie de beaucoup de donn\u00e9es n\u00e9cessaires pour le contr\u00f4le de...","protected":false},"author":6,"featured_media":0,"parent":0,"menu_order":0,"comment_status":"closed","ping_status":"closed","template":"","meta":{"footnotes":""},"_links":{"self":[{"href":"https:\/\/cogemat.it\/fr\/wp-json\/wp\/v2\/pages\/1915"}],"collection":[{"href":"https:\/\/cogemat.it\/fr\/wp-json\/wp\/v2\/pages"}],"about":[{"href":"https:\/\/cogemat.it\/fr\/wp-json\/wp\/v2\/types\/page"}],"author":[{"embeddable":true,"href":"https:\/\/cogemat.it\/fr\/wp-json\/wp\/v2\/users\/6"}],"replies":[{"embeddable":true,"href":"https:\/\/cogemat.it\/fr\/wp-json\/wp\/v2\/comments?post=1915"}],"version-history":[{"count":3,"href":"https:\/\/cogemat.it\/fr\/wp-json\/wp\/v2\/pages\/1915\/revisions"}],"predecessor-version":[{"id":2047,"href":"https:\/\/cogemat.it\/fr\/wp-json\/wp\/v2\/pages\/1915\/revisions\/2047"}],"wp:attachment":[{"href":"https:\/\/cogemat.it\/fr\/wp-json\/wp\/v2\/media?parent=1915"}],"curies":[{"name":"wp","href":"https:\/\/api.w.org\/{rel}","templated":true}]}}