{"id":1908,"date":"2022-10-28T11:34:05","date_gmt":"2022-10-28T09:34:05","guid":{"rendered":"https:\/\/cogemat.it\/water-purification-and-boosting\/"},"modified":"2023-01-10T11:07:14","modified_gmt":"2023-01-10T10:07:14","slug":"water-purification-and-boosting","status":"publish","type":"page","link":"https:\/\/cogemat.it\/fr\/water-purification-and-boosting\/","title":{"rendered":"Water purification and boosting"},"content":{"rendered":"<section class=\"l-section wpb_row us_custom_0843bd73 height_auto width_full\"><div class=\"l-section-h i-cf\"><div class=\"g-cols vc_row via_grid cols_1 laptops-cols_inherit tablets-cols_inherit mobiles-cols_1 valign_top type_default stacking_default\"><div class=\"wpb_column vc_column_container us_custom_4af741be\"><div class=\"vc_column-inner\"><h1 class=\"w-text us_custom_2bc70bee has_text_color\"><span class=\"w-text-h\"><span class=\"w-text-value\">STATION D\u2019\u00c9PURATION ET POMPAGE DES EAUX<\/span><\/span><\/h1><\/div><\/div><\/div><\/div><\/section><section class=\"l-section wpb_row height_medium\"><div class=\"l-section-h i-cf\"><div class=\"g-cols vc_row via_grid cols_1-2 laptops-cols_inherit tablets-cols_inherit mobiles-cols_1 valign_top type_default stacking_default\"><div class=\"wpb_column vc_column_container\"><div class=\"vc_column-inner\"><div class=\"w-image align_center\"><div class=\"w-image-h\"><img decoding=\"async\" width=\"340\" height=\"255\" src=\"https:\/\/cogemat.it\/wp-content\/uploads\/2022\/10\/water-pressure.jpg\" class=\"attachment-large size-large\" alt=\"\" loading=\"lazy\" srcset=\"https:\/\/cogemat.it\/wp-content\/uploads\/2022\/10\/water-pressure.jpg 340w, https:\/\/cogemat.it\/wp-content\/uploads\/2022\/10\/water-pressure-300x225.jpg 300w, https:\/\/cogemat.it\/wp-content\/uploads\/2022\/10\/water-pressure-60x45.jpg 60w\" sizes=\"(max-width: 340px) 100vw, 340px\" \/><\/div><\/div><div class=\"wpb_text_column us_custom_135b5609\"><div class=\"wpb_wrapper\"><p>Unit\u00e9 d\u2019eau fraiche y compris l\u2019\u00e9puration, r\u00e9cup\u00e9ration du syst\u00e8me de d\u00e9givrage frigorifique et l\u2019usine de pompage de l\u2019eau alimentant tous les services de l\u2019abattoir.<\/p>\n<\/div><\/div><\/div><\/div><div class=\"wpb_column vc_column_container\"><div class=\"vc_column-inner\"><div class=\"w-image align_center\"><div class=\"w-image-h\"><img decoding=\"async\" width=\"1200\" height=\"718\" src=\"https:\/\/cogemat.it\/wp-content\/uploads\/2022\/10\/water-pressure-boosting.jpg\" class=\"attachment-full size-full\" alt=\"\" loading=\"lazy\" srcset=\"https:\/\/cogemat.it\/wp-content\/uploads\/2022\/10\/water-pressure-boosting.jpg 1200w, https:\/\/cogemat.it\/wp-content\/uploads\/2022\/10\/water-pressure-boosting-300x180.jpg 300w, https:\/\/cogemat.it\/wp-content\/uploads\/2022\/10\/water-pressure-boosting-1024x613.jpg 1024w, https:\/\/cogemat.it\/wp-content\/uploads\/2022\/10\/water-pressure-boosting-60x36.jpg 60w, https:\/\/cogemat.it\/wp-content\/uploads\/2022\/10\/water-pressure-boosting-600x359.jpg 600w\" sizes=\"(max-width: 1200px) 100vw, 1200px\" \/><\/div><\/div><\/div><\/div><\/div><\/div><\/section><section class=\"l-section wpb_row us_custom_887a049b height_medium\"><div class=\"l-section-h i-cf\"><div class=\"g-cols vc_row via_grid cols_1 laptops-cols_inherit tablets-cols_inherit mobiles-cols_1 valign_top type_default stacking_default\"><div class=\"wpb_column vc_column_container\"><div class=\"vc_column-inner\"><div class=\"w-image align_center\"><div class=\"w-image-h\"><img decoding=\"async\" width=\"1546\" height=\"1303\" src=\"https:\/\/cogemat.it\/wp-content\/uploads\/2022\/10\/water-pressure-boosting-plant.jpg\" class=\"attachment-full size-full\" alt=\"\" loading=\"lazy\" srcset=\"https:\/\/cogemat.it\/wp-content\/uploads\/2022\/10\/water-pressure-boosting-plant.jpg 1546w, https:\/\/cogemat.it\/wp-content\/uploads\/2022\/10\/water-pressure-boosting-plant-300x253.jpg 300w, https:\/\/cogemat.it\/wp-content\/uploads\/2022\/10\/water-pressure-boosting-plant-1024x863.jpg 1024w, https:\/\/cogemat.it\/wp-content\/uploads\/2022\/10\/water-pressure-boosting-plant-53x45.jpg 53w, https:\/\/cogemat.it\/wp-content\/uploads\/2022\/10\/water-pressure-boosting-plant-475x400.jpg 475w\" sizes=\"(max-width: 1546px) 100vw, 1546px\" \/><\/div><\/div><\/div><\/div><\/div><\/div><\/section>\n","protected":false},"excerpt":{"rendered":"STATION D\u2019\u00c9PURATION ET POMPAGE DES EAUXUnit\u00e9 d\u2019eau fraiche y compris l\u2019\u00e9puration, r\u00e9cup\u00e9ration du syst\u00e8me de d\u00e9givrage frigorifique et l\u2019usine de pompage de l\u2019eau alimentant tous les services de l\u2019abattoir.","protected":false},"author":6,"featured_media":0,"parent":0,"menu_order":0,"comment_status":"closed","ping_status":"closed","template":"","meta":{"footnotes":""},"_links":{"self":[{"href":"https:\/\/cogemat.it\/fr\/wp-json\/wp\/v2\/pages\/1908"}],"collection":[{"href":"https:\/\/cogemat.it\/fr\/wp-json\/wp\/v2\/pages"}],"about":[{"href":"https:\/\/cogemat.it\/fr\/wp-json\/wp\/v2\/types\/page"}],"author":[{"embeddable":true,"href":"https:\/\/cogemat.it\/fr\/wp-json\/wp\/v2\/users\/6"}],"replies":[{"embeddable":true,"href":"https:\/\/cogemat.it\/fr\/wp-json\/wp\/v2\/comments?post=1908"}],"version-history":[{"count":2,"href":"https:\/\/cogemat.it\/fr\/wp-json\/wp\/v2\/pages\/1908\/revisions"}],"predecessor-version":[{"id":2045,"href":"https:\/\/cogemat.it\/fr\/wp-json\/wp\/v2\/pages\/1908\/revisions\/2045"}],"wp:attachment":[{"href":"https:\/\/cogemat.it\/fr\/wp-json\/wp\/v2\/media?parent=1908"}],"curies":[{"name":"wp","href":"https:\/\/api.w.org\/{rel}","templated":true}]}}