{"id":1894,"date":"2022-10-28T11:33:35","date_gmt":"2022-10-28T09:33:35","guid":{"rendered":"https:\/\/cogemat.it\/steam-and-hot-water\/"},"modified":"2023-01-10T11:05:34","modified_gmt":"2023-01-10T10:05:34","slug":"steam-and-hot-water","status":"publish","type":"page","link":"https:\/\/cogemat.it\/fr\/steam-and-hot-water\/","title":{"rendered":"Steam and hot water"},"content":{"rendered":"<section class=\"l-section wpb_row us_custom_0843bd73 height_auto width_full\"><div class=\"l-section-h i-cf\"><div class=\"g-cols vc_row via_grid cols_1 laptops-cols_inherit tablets-cols_inherit mobiles-cols_1 valign_top type_default stacking_default\"><div class=\"wpb_column vc_column_container us_custom_4af741be\"><div class=\"vc_column-inner\"><h1 class=\"w-text us_custom_2bc70bee has_text_color\"><span class=\"w-text-h\"><span class=\"w-text-value\">VAPEUR ET EAU CHAUDE<\/span><\/span><\/h1><\/div><\/div><\/div><\/div><\/section><section class=\"l-section wpb_row height_medium\"><div class=\"l-section-h i-cf\"><div class=\"g-cols vc_row via_grid cols_1 laptops-cols_inherit tablets-cols_inherit mobiles-cols_1 valign_top type_default stacking_default\"><div class=\"wpb_column vc_column_container\"><div class=\"vc_column-inner\"><div class=\"g-cols wpb_row via_grid cols_custom laptops-cols_inherit tablets-cols_inherit mobiles-cols_1 valign_top type_default stacking_default\" style=\"--columns-gap:3rem;--custom-columns:6.4fr 5fr\"><div class=\"wpb_column vc_column_container\"><div class=\"vc_column-inner\"><div class=\"w-image align_center\"><div class=\"w-image-h\"><img decoding=\"async\" width=\"1200\" height=\"720\" src=\"https:\/\/cogemat.it\/wp-content\/uploads\/2022\/10\/hot-water.jpg\" class=\"attachment-full size-full\" alt=\"\" loading=\"lazy\" srcset=\"https:\/\/cogemat.it\/wp-content\/uploads\/2022\/10\/hot-water.jpg 1200w, https:\/\/cogemat.it\/wp-content\/uploads\/2022\/10\/hot-water-300x180.jpg 300w, https:\/\/cogemat.it\/wp-content\/uploads\/2022\/10\/hot-water-1024x614.jpg 1024w, https:\/\/cogemat.it\/wp-content\/uploads\/2022\/10\/hot-water-60x36.jpg 60w, https:\/\/cogemat.it\/wp-content\/uploads\/2022\/10\/hot-water-600x360.jpg 600w\" sizes=\"(max-width: 1200px) 100vw, 1200px\" \/><\/div><\/div><\/div><\/div><div class=\"wpb_column vc_column_container\"><div class=\"vc_column-inner\"><div class=\"w-image align_center\"><div class=\"w-image-h\"><img decoding=\"async\" width=\"1200\" height=\"930\" src=\"https:\/\/cogemat.it\/wp-content\/uploads\/2022\/10\/steam-hot-water.jpg\" class=\"attachment-full size-full\" alt=\"\" loading=\"lazy\" srcset=\"https:\/\/cogemat.it\/wp-content\/uploads\/2022\/10\/steam-hot-water.jpg 1200w, https:\/\/cogemat.it\/wp-content\/uploads\/2022\/10\/steam-hot-water-300x233.jpg 300w, https:\/\/cogemat.it\/wp-content\/uploads\/2022\/10\/steam-hot-water-1024x794.jpg 1024w, https:\/\/cogemat.it\/wp-content\/uploads\/2022\/10\/steam-hot-water-58x45.jpg 58w, https:\/\/cogemat.it\/wp-content\/uploads\/2022\/10\/steam-hot-water-516x400.jpg 516w\" sizes=\"(max-width: 1200px) 100vw, 1200px\" \/><\/div><\/div><\/div><\/div><\/div><div class=\"wpb_text_column us_custom_135b5609\"><div class=\"wpb_wrapper\"><p>G\u00e9n\u00e9rateurs de vapeur et d\u2019eau chaude \u00e0 basse ou haute pression en fonction des besoins. L\u2019alimentation en carburant peut \u00eatre diesel ou autre gas. La station est aussi fournie d\u2019un syst\u00e8me de s\u00e9curit\u00e9 selon la r\u00e8glementation europ\u00e9enne.<\/p>\n<\/div><\/div><\/div><\/div><\/div><\/div><\/section><section class=\"l-section wpb_row us_custom_887a049b height_medium\"><div class=\"l-section-h i-cf\"><div class=\"g-cols vc_row via_grid cols_1 laptops-cols_inherit tablets-cols_inherit mobiles-cols_1 valign_top type_default stacking_default\"><div class=\"wpb_column vc_column_container\"><div class=\"vc_column-inner\"><div class=\"w-image align_center\"><div class=\"w-image-h\"><img decoding=\"async\" width=\"1800\" height=\"911\" src=\"https:\/\/cogemat.it\/wp-content\/uploads\/2022\/10\/sezione-aria-compressa.jpg\" class=\"attachment-full size-full\" alt=\"\" loading=\"lazy\" srcset=\"https:\/\/cogemat.it\/wp-content\/uploads\/2022\/10\/sezione-aria-compressa.jpg 1800w, https:\/\/cogemat.it\/wp-content\/uploads\/2022\/10\/sezione-aria-compressa-300x152.jpg 300w, https:\/\/cogemat.it\/wp-content\/uploads\/2022\/10\/sezione-aria-compressa-1024x518.jpg 1024w, https:\/\/cogemat.it\/wp-content\/uploads\/2022\/10\/sezione-aria-compressa-60x30.jpg 60w, https:\/\/cogemat.it\/wp-content\/uploads\/2022\/10\/sezione-aria-compressa-600x304.jpg 600w\" sizes=\"(max-width: 1800px) 100vw, 1800px\" \/><\/div><\/div><\/div><\/div><\/div><\/div><\/section>\n","protected":false},"excerpt":{"rendered":"VAPEUR ET EAU CHAUDEG\u00e9n\u00e9rateurs de vapeur et d\u2019eau chaude \u00e0 basse ou haute pression en fonction des besoins. L\u2019alimentation en carburant peut \u00eatre diesel ou autre gas. La station est aussi fournie d\u2019un syst\u00e8me de s\u00e9curit\u00e9 selon la r\u00e8glementation europ\u00e9enne.","protected":false},"author":6,"featured_media":0,"parent":0,"menu_order":0,"comment_status":"closed","ping_status":"closed","template":"","meta":{"footnotes":""},"_links":{"self":[{"href":"https:\/\/cogemat.it\/fr\/wp-json\/wp\/v2\/pages\/1894"}],"collection":[{"href":"https:\/\/cogemat.it\/fr\/wp-json\/wp\/v2\/pages"}],"about":[{"href":"https:\/\/cogemat.it\/fr\/wp-json\/wp\/v2\/types\/page"}],"author":[{"embeddable":true,"href":"https:\/\/cogemat.it\/fr\/wp-json\/wp\/v2\/users\/6"}],"replies":[{"embeddable":true,"href":"https:\/\/cogemat.it\/fr\/wp-json\/wp\/v2\/comments?post=1894"}],"version-history":[{"count":3,"href":"https:\/\/cogemat.it\/fr\/wp-json\/wp\/v2\/pages\/1894\/revisions"}],"predecessor-version":[{"id":2043,"href":"https:\/\/cogemat.it\/fr\/wp-json\/wp\/v2\/pages\/1894\/revisions\/2043"}],"wp:attachment":[{"href":"https:\/\/cogemat.it\/fr\/wp-json\/wp\/v2\/media?parent=1894"}],"curies":[{"name":"wp","href":"https:\/\/api.w.org\/{rel}","templated":true}]}}