{"id":1886,"date":"2022-10-28T11:33:13","date_gmt":"2022-10-28T09:33:13","guid":{"rendered":"https:\/\/cogemat.it\/refrigerating-station\/"},"modified":"2023-01-10T11:04:38","modified_gmt":"2023-01-10T10:04:38","slug":"refrigerating-station","status":"publish","type":"page","link":"https:\/\/cogemat.it\/fr\/refrigerating-station\/","title":{"rendered":"Refrigerating station"},"content":{"rendered":"<section class=\"l-section wpb_row us_custom_0843bd73 height_auto width_full\"><div class=\"l-section-h i-cf\"><div class=\"g-cols vc_row via_grid cols_1 laptops-cols_inherit tablets-cols_inherit mobiles-cols_1 valign_top type_default stacking_default\"><div class=\"wpb_column vc_column_container us_custom_4af741be\"><div class=\"vc_column-inner\"><h1 class=\"w-text us_custom_2bc70bee has_text_color\"><span class=\"w-text-h\"><span class=\"w-text-value\">STATION DE REFRIGERATION<\/span><\/span><\/h1><\/div><\/div><\/div><\/div><\/section><section class=\"l-section wpb_row height_medium\"><div class=\"l-section-h i-cf\"><div class=\"g-cols vc_row via_grid cols_3 laptops-cols_inherit tablets-cols_inherit mobiles-cols_1 valign_top type_default stacking_default\"><div class=\"wpb_column vc_column_container\"><div class=\"vc_column-inner\"><div class=\"w-image align_center\"><div class=\"w-image-h\"><img decoding=\"async\" width=\"768\" height=\"1024\" src=\"https:\/\/cogemat.it\/wp-content\/uploads\/2022\/10\/aux-celle-768x1024.jpg\" class=\"attachment-large size-large\" alt=\"\" loading=\"lazy\" srcset=\"https:\/\/cogemat.it\/wp-content\/uploads\/2022\/10\/aux-celle-768x1024.jpg 768w, https:\/\/cogemat.it\/wp-content\/uploads\/2022\/10\/aux-celle-225x300.jpg 225w, https:\/\/cogemat.it\/wp-content\/uploads\/2022\/10\/aux-celle-34x45.jpg 34w, https:\/\/cogemat.it\/wp-content\/uploads\/2022\/10\/aux-celle-300x400.jpg 300w, https:\/\/cogemat.it\/wp-content\/uploads\/2022\/10\/aux-celle.jpg 774w\" sizes=\"(max-width: 768px) 100vw, 768px\" \/><\/div><\/div><\/div><\/div><div class=\"wpb_column vc_column_container\"><div class=\"vc_column-inner\"><div class=\"w-image align_center\"><div class=\"w-image-h\"><img decoding=\"async\" width=\"400\" height=\"301\" src=\"https:\/\/cogemat.it\/wp-content\/uploads\/2022\/10\/refrigerating.jpg\" class=\"attachment-full size-full\" alt=\"\" loading=\"lazy\" srcset=\"https:\/\/cogemat.it\/wp-content\/uploads\/2022\/10\/refrigerating.jpg 400w, https:\/\/cogemat.it\/wp-content\/uploads\/2022\/10\/refrigerating-300x226.jpg 300w, https:\/\/cogemat.it\/wp-content\/uploads\/2022\/10\/refrigerating-60x45.jpg 60w\" sizes=\"(max-width: 400px) 100vw, 400px\" \/><\/div><\/div><div class=\"wpb_text_column us_custom_46615273\"><div class=\"wpb_wrapper\"><p>Pour les grandes installations en utilisant l\u2019ammoniac, ou \u00e9thyl\u00e8ne glycol brine pour les petites structures et air conditionn\u00e9. Le potentiel de r\u00e9chauffement sera presque nul en parfait respect des accords de protection de l\u2019environnement de Montreal, Paris et Kingali.<\/p>\n<\/div><\/div><\/div><\/div><div class=\"wpb_column vc_column_container\"><div class=\"vc_column-inner\"><div class=\"w-image align_center\"><div class=\"w-image-h\"><img decoding=\"async\" width=\"669\" height=\"1024\" src=\"https:\/\/cogemat.it\/wp-content\/uploads\/2022\/10\/refrigerating-cattle-669x1024.jpg\" class=\"attachment-large size-large\" alt=\"\" loading=\"lazy\" srcset=\"https:\/\/cogemat.it\/wp-content\/uploads\/2022\/10\/refrigerating-cattle-669x1024.jpg 669w, https:\/\/cogemat.it\/wp-content\/uploads\/2022\/10\/refrigerating-cattle-196x300.jpg 196w, https:\/\/cogemat.it\/wp-content\/uploads\/2022\/10\/refrigerating-cattle-29x45.jpg 29w, https:\/\/cogemat.it\/wp-content\/uploads\/2022\/10\/refrigerating-cattle-261x400.jpg 261w, https:\/\/cogemat.it\/wp-content\/uploads\/2022\/10\/refrigerating-cattle.jpg 1000w\" sizes=\"(max-width: 669px) 100vw, 669px\" \/><\/div><\/div><\/div><\/div><\/div><\/div><\/section><section class=\"l-section wpb_row us_custom_887a049b height_medium\"><div class=\"l-section-h i-cf\"><div class=\"g-cols vc_row via_grid cols_1 laptops-cols_inherit tablets-cols_inherit mobiles-cols_1 valign_top type_default stacking_default\"><div class=\"wpb_column vc_column_container\"><div class=\"vc_column-inner\"><div class=\"w-image align_center\"><div class=\"w-image-h\"><img decoding=\"async\" width=\"1800\" height=\"1121\" src=\"https:\/\/cogemat.it\/wp-content\/uploads\/2022\/10\/scheme-refrigerating-station.jpg\" class=\"attachment-full size-full\" alt=\"\" loading=\"lazy\" srcset=\"https:\/\/cogemat.it\/wp-content\/uploads\/2022\/10\/scheme-refrigerating-station.jpg 1800w, https:\/\/cogemat.it\/wp-content\/uploads\/2022\/10\/scheme-refrigerating-station-300x187.jpg 300w, https:\/\/cogemat.it\/wp-content\/uploads\/2022\/10\/scheme-refrigerating-station-1024x638.jpg 1024w, https:\/\/cogemat.it\/wp-content\/uploads\/2022\/10\/scheme-refrigerating-station-60x37.jpg 60w, https:\/\/cogemat.it\/wp-content\/uploads\/2022\/10\/scheme-refrigerating-station-600x374.jpg 600w\" sizes=\"(max-width: 1800px) 100vw, 1800px\" \/><\/div><\/div><\/div><\/div><\/div><\/div><\/section>\n","protected":false},"excerpt":{"rendered":"STATION DE REFRIGERATIONPour les grandes installations en utilisant l\u2019ammoniac, ou \u00e9thyl\u00e8ne glycol brine pour les petites structures et air conditionn\u00e9. Le potentiel de r\u00e9chauffement sera presque nul en parfait respect des accords de protection de l\u2019environnement de Montreal, Paris et Kingali.","protected":false},"author":6,"featured_media":0,"parent":0,"menu_order":0,"comment_status":"closed","ping_status":"closed","template":"","meta":{"footnotes":""},"_links":{"self":[{"href":"https:\/\/cogemat.it\/fr\/wp-json\/wp\/v2\/pages\/1886"}],"collection":[{"href":"https:\/\/cogemat.it\/fr\/wp-json\/wp\/v2\/pages"}],"about":[{"href":"https:\/\/cogemat.it\/fr\/wp-json\/wp\/v2\/types\/page"}],"author":[{"embeddable":true,"href":"https:\/\/cogemat.it\/fr\/wp-json\/wp\/v2\/users\/6"}],"replies":[{"embeddable":true,"href":"https:\/\/cogemat.it\/fr\/wp-json\/wp\/v2\/comments?post=1886"}],"version-history":[{"count":3,"href":"https:\/\/cogemat.it\/fr\/wp-json\/wp\/v2\/pages\/1886\/revisions"}],"predecessor-version":[{"id":2041,"href":"https:\/\/cogemat.it\/fr\/wp-json\/wp\/v2\/pages\/1886\/revisions\/2041"}],"wp:attachment":[{"href":"https:\/\/cogemat.it\/fr\/wp-json\/wp\/v2\/media?parent=1886"}],"curies":[{"name":"wp","href":"https:\/\/api.w.org\/{rel}","templated":true}]}}