{"id":1876,"date":"2022-07-05T20:28:56","date_gmt":"2022-07-05T18:28:56","guid":{"rendered":"https:\/\/cogemat.it\/waste-recycling\/"},"modified":"2023-01-10T11:03:21","modified_gmt":"2023-01-10T10:03:21","slug":"waste-recycling","status":"publish","type":"page","link":"https:\/\/cogemat.it\/fr\/waste-recycling\/","title":{"rendered":"DEBONING AND PACKING"},"content":{"rendered":"<section class=\"l-section wpb_row us_custom_4af741be height_medium width_full\"><div class=\"l-section-h i-cf\"><div class=\"g-cols vc_row via_grid cols_1 laptops-cols_inherit tablets-cols_inherit mobiles-cols_1 valign_top type_default stacking_default\"><div class=\"wpb_column vc_column_container us_custom_9801a3bc has_bg_color\"><div class=\"vc_column-inner\"><\/div><\/div><\/div><\/div><\/section><section class=\"l-section wpb_row us_custom_09d9376a height_medium with_img\"><div class=\"l-section-img\" role=\"img\" data-img-width=\"1920\" data-img-height=\"738\" style=\"background-image: url(https:\/\/cogemat.it\/wp-content\/uploads\/2022\/10\/meat-processing.jpg);background-repeat: no-repeat;\"><\/div><div class=\"l-section-h i-cf\"><div class=\"g-cols vc_row via_grid cols_1 laptops-cols_inherit tablets-cols_inherit mobiles-cols_1 valign_top type_default stacking_default\"><div class=\"wpb_column vc_column_container\"><div class=\"vc_column-inner\"><h1 class=\"w-text us_custom_570691f5 has_text_color\"><span class=\"w-text-h\"><span class=\"w-text-value\">DESOSSAGE ET EMBALLAGE<\/span><\/span><\/h1><\/div><\/div><\/div><\/div><\/section><section class=\"l-section wpb_row us_custom_48472bba height_medium\"><div class=\"l-section-h i-cf\"><div class=\"g-cols vc_row via_grid cols_1 laptops-cols_inherit tablets-cols_inherit mobiles-cols_1 valign_top type_default stacking_default\"><div class=\"wpb_column vc_column_container\"><div class=\"vc_column-inner\"><div class=\"wpb_text_column us_custom_e1cfc1e6\"><div class=\"wpb_wrapper\"><p>Gr\u00e2ce \u00e0 l\u2019exp\u00e9rience acquise pendant 50 ans d\u2019activit\u00e9 dans le domaine des viandes rouges, Cogemat est capable d\u2019offrir \u00e0 chaque client les lignes compl\u00e8tes de d\u00e9sossage, de coupe et de transformation de la viande, y compris l\u2019emballage adapt\u00e9 pour le produit frais ou congel\u00e9. Le client pourra opter pour le sous vide pour les pi\u00e8ces anatomiques ou pour le thermo scellage pour les petites coupes de viande. Le produit requis est discut\u00e9 et agr\u00e9\u00e9 par le client pour assurer une parfaite satisfaction du march\u00e9 local o\u00f9 celui d\u2019export auquel il sera destin\u00e9, tout en assurant le r\u00e9sultat attendu. La phase finale est celle de l\u2019emballage avec d\u00e9tecteur de m\u00e9taux, rassure les consommateurs sur le super contr\u00f4le du produit.<\/p>\n<\/div><\/div><\/div><\/div><\/div><\/div><\/section><section class=\"l-section wpb_row us_custom_19737bc8 height_medium\"><div class=\"l-section-h i-cf\"><div class=\"g-cols vc_row via_grid cols_1 laptops-cols_inherit tablets-cols_inherit mobiles-cols_1 valign_top type_default stacking_default\"><div class=\"wpb_column vc_column_container\"><div class=\"vc_column-inner\"><div class=\"w-image align_center\"><div class=\"w-image-h\"><img decoding=\"async\" width=\"1920\" height=\"649\" src=\"https:\/\/cogemat.it\/wp-content\/uploads\/2022\/07\/deboning-cogemat.jpg\" class=\"attachment-full size-full\" alt=\"\" loading=\"lazy\" srcset=\"https:\/\/cogemat.it\/wp-content\/uploads\/2022\/07\/deboning-cogemat.jpg 1920w, https:\/\/cogemat.it\/wp-content\/uploads\/2022\/07\/deboning-cogemat-300x101.jpg 300w, https:\/\/cogemat.it\/wp-content\/uploads\/2022\/07\/deboning-cogemat-1024x346.jpg 1024w, https:\/\/cogemat.it\/wp-content\/uploads\/2022\/07\/deboning-cogemat-60x20.jpg 60w, https:\/\/cogemat.it\/wp-content\/uploads\/2022\/07\/deboning-cogemat-600x203.jpg 600w\" sizes=\"(max-width: 1920px) 100vw, 1920px\" \/><\/div><\/div><\/div><\/div><\/div><\/div><\/section><section class=\"l-section wpb_row us_custom_fdcab3db height_medium\"><div class=\"l-section-h i-cf\"><div class=\"g-cols vc_row via_grid cols_1 laptops-cols_inherit tablets-cols_inherit mobiles-cols_1 valign_top type_default stacking_default\"><div class=\"wpb_column vc_column_container\"><div class=\"vc_column-inner\"><div class=\"w-image align_center\"><div class=\"w-image-h\"><img decoding=\"async\" width=\"1024\" height=\"239\" src=\"https:\/\/cogemat.it\/wp-content\/uploads\/2022\/07\/deboning-cogemat-1024x239.png\" class=\"attachment-large size-large\" alt=\"\" loading=\"lazy\" srcset=\"https:\/\/cogemat.it\/wp-content\/uploads\/2022\/07\/deboning-cogemat-1024x239.png 1024w, https:\/\/cogemat.it\/wp-content\/uploads\/2022\/07\/deboning-cogemat-300x70.png 300w, https:\/\/cogemat.it\/wp-content\/uploads\/2022\/07\/deboning-cogemat-60x14.png 60w, https:\/\/cogemat.it\/wp-content\/uploads\/2022\/07\/deboning-cogemat-600x140.png 600w, https:\/\/cogemat.it\/wp-content\/uploads\/2022\/07\/deboning-cogemat.png 1920w\" sizes=\"(max-width: 1024px) 100vw, 1024px\" \/><\/div><\/div><\/div><\/div><\/div><\/div><\/section><section class=\"l-section wpb_row height_medium\"><div class=\"l-section-h i-cf\"><div class=\"g-cols vc_row via_grid cols_1 laptops-cols_inherit tablets-cols_inherit mobiles-cols_1 valign_top type_default stacking_default\"><div class=\"wpb_column vc_column_container\"><div class=\"vc_column-inner\"><h4 class=\"w-text us_custom_5c783688\"><span class=\"w-text-h\"><span class=\"w-text-value\">SECTION D\u2019UNE LIGNE DE D\u00c9SOSSAGE ET D\u2019EMBALLAGE<\/span><\/span><\/h4><\/div><\/div><\/div><\/div><\/section><section class=\"l-section wpb_row us_custom_fdcab3db height_medium width_full\"><div class=\"l-section-h i-cf\"><div class=\"g-cols vc_row via_grid cols_1 laptops-cols_inherit tablets-cols_inherit mobiles-cols_1 valign_top type_default stacking_default\"><div class=\"wpb_column vc_column_container\"><div class=\"vc_column-inner\"><div class=\"w-image align_center\"><div class=\"w-image-h\"><img decoding=\"async\" width=\"1920\" height=\"1080\" src=\"https:\/\/cogemat.it\/wp-content\/uploads\/2022\/07\/deboning-cogemat-2.jpg\" class=\"attachment-full size-full\" alt=\"\" loading=\"lazy\" srcset=\"https:\/\/cogemat.it\/wp-content\/uploads\/2022\/07\/deboning-cogemat-2.jpg 1920w, https:\/\/cogemat.it\/wp-content\/uploads\/2022\/07\/deboning-cogemat-2-300x169.jpg 300w, https:\/\/cogemat.it\/wp-content\/uploads\/2022\/07\/deboning-cogemat-2-1024x576.jpg 1024w, https:\/\/cogemat.it\/wp-content\/uploads\/2022\/07\/deboning-cogemat-2-60x34.jpg 60w, https:\/\/cogemat.it\/wp-content\/uploads\/2022\/07\/deboning-cogemat-2-600x338.jpg 600w\" sizes=\"(max-width: 1920px) 100vw, 1920px\" \/><\/div><\/div><\/div><\/div><\/div><\/div><\/section><section class=\"l-section wpb_row height_medium\"><div class=\"l-section-h i-cf\"><div class=\"g-cols vc_row via_grid cols_5 laptops-cols_5 tablets-cols_inherit mobiles-cols_1 valign_middle type_default stacking_default\" style=\"--columns-gap:0.3rem;\"><div class=\"wpb_column vc_column_container\"><div class=\"vc_column-inner\"><\/div><\/div><div class=\"wpb_column vc_column_container\"><div class=\"vc_column-inner\"><div class=\"w-image align_center\"><div class=\"w-image-h\"><img decoding=\"async\" width=\"1024\" height=\"634\" src=\"https:\/\/cogemat.it\/wp-content\/uploads\/2022\/07\/deboning-cogemat-3-1-1024x634.jpg\" class=\"attachment-large size-large\" alt=\"\" loading=\"lazy\" srcset=\"https:\/\/cogemat.it\/wp-content\/uploads\/2022\/07\/deboning-cogemat-3-1-1024x634.jpg 1024w, https:\/\/cogemat.it\/wp-content\/uploads\/2022\/07\/deboning-cogemat-3-1-300x186.jpg 300w, https:\/\/cogemat.it\/wp-content\/uploads\/2022\/07\/deboning-cogemat-3-1-60x37.jpg 60w, https:\/\/cogemat.it\/wp-content\/uploads\/2022\/07\/deboning-cogemat-3-1-600x372.jpg 600w, https:\/\/cogemat.it\/wp-content\/uploads\/2022\/07\/deboning-cogemat-3-1.jpg 1200w\" sizes=\"(max-width: 1024px) 100vw, 1024px\" \/><\/div><\/div><\/div><\/div><div class=\"wpb_column vc_column_container\"><div class=\"vc_column-inner\"><div class=\"wpb_text_column us_custom_eb849559\"><div class=\"wpb_wrapper\"><p>Emballage sous vide, thermo-retrecissement, sechage par air chaude, mise en cartons avec detecteur de metaux<\/p>\n<\/div><\/div><\/div><\/div><div class=\"wpb_column vc_column_container\"><div class=\"vc_column-inner\"><div class=\"w-image align_center\"><div class=\"w-image-h\"><img decoding=\"async\" width=\"1024\" height=\"634\" src=\"https:\/\/cogemat.it\/wp-content\/uploads\/2022\/07\/deboning-cogemat-4-1024x634.jpg\" class=\"attachment-large size-large\" alt=\"\" loading=\"lazy\" srcset=\"https:\/\/cogemat.it\/wp-content\/uploads\/2022\/07\/deboning-cogemat-4-1024x634.jpg 1024w, https:\/\/cogemat.it\/wp-content\/uploads\/2022\/07\/deboning-cogemat-4-300x186.jpg 300w, https:\/\/cogemat.it\/wp-content\/uploads\/2022\/07\/deboning-cogemat-4-60x37.jpg 60w, https:\/\/cogemat.it\/wp-content\/uploads\/2022\/07\/deboning-cogemat-4-600x372.jpg 600w, https:\/\/cogemat.it\/wp-content\/uploads\/2022\/07\/deboning-cogemat-4.jpg 1200w\" sizes=\"(max-width: 1024px) 100vw, 1024px\" \/><\/div><\/div><\/div><\/div><div class=\"wpb_column vc_column_container\"><div class=\"vc_column-inner\"><\/div><\/div><\/div><\/div><\/section>\n","protected":false},"excerpt":{"rendered":"DESOSSAGE ET EMBALLAGEGr\u00e2ce \u00e0 l\u2019exp\u00e9rience acquise pendant 50 ans d\u2019activit\u00e9 dans le domaine des viandes rouges, Cogemat est capable d\u2019offrir \u00e0 chaque client les lignes compl\u00e8tes de d\u00e9sossage, de coupe et de transformation de la viande, y compris l\u2019emballage adapt\u00e9 pour le produit frais ou congel\u00e9. Le client pourra opter pour le sous vide pour...","protected":false},"author":6,"featured_media":0,"parent":0,"menu_order":0,"comment_status":"closed","ping_status":"closed","template":"","meta":{"footnotes":""},"_links":{"self":[{"href":"https:\/\/cogemat.it\/fr\/wp-json\/wp\/v2\/pages\/1876"}],"collection":[{"href":"https:\/\/cogemat.it\/fr\/wp-json\/wp\/v2\/pages"}],"about":[{"href":"https:\/\/cogemat.it\/fr\/wp-json\/wp\/v2\/types\/page"}],"author":[{"embeddable":true,"href":"https:\/\/cogemat.it\/fr\/wp-json\/wp\/v2\/users\/6"}],"replies":[{"embeddable":true,"href":"https:\/\/cogemat.it\/fr\/wp-json\/wp\/v2\/comments?post=1876"}],"version-history":[{"count":3,"href":"https:\/\/cogemat.it\/fr\/wp-json\/wp\/v2\/pages\/1876\/revisions"}],"predecessor-version":[{"id":2039,"href":"https:\/\/cogemat.it\/fr\/wp-json\/wp\/v2\/pages\/1876\/revisions\/2039"}],"wp:attachment":[{"href":"https:\/\/cogemat.it\/fr\/wp-json\/wp\/v2\/media?parent=1876"}],"curies":[{"name":"wp","href":"https:\/\/api.w.org\/{rel}","templated":true}]}}