{"id":1866,"date":"2022-07-05T19:21:51","date_gmt":"2022-07-05T17:21:51","guid":{"rendered":"https:\/\/cogemat.it\/meat-processing\/"},"modified":"2023-01-10T11:01:05","modified_gmt":"2023-01-10T10:01:05","slug":"meat-processing","status":"publish","type":"page","link":"https:\/\/cogemat.it\/fr\/meat-processing\/","title":{"rendered":"Meat Processing"},"content":{"rendered":"<section class=\"l-section wpb_row us_custom_4af741be height_medium width_full\"><div class=\"l-section-h i-cf\"><div class=\"g-cols vc_row via_grid cols_1 laptops-cols_inherit tablets-cols_inherit mobiles-cols_1 valign_top type_default stacking_default\"><div class=\"wpb_column vc_column_container us_custom_9801a3bc has_bg_color\"><div class=\"vc_column-inner\"><\/div><\/div><\/div><\/div><\/section><section class=\"l-section wpb_row us_custom_c5477efa height_medium with_img\"><div class=\"l-section-img\" role=\"img\" data-img-width=\"1920\" data-img-height=\"738\" style=\"background-image: url(https:\/\/cogemat.it\/wp-content\/uploads\/2022\/10\/deboning-packing.jpg);background-repeat: no-repeat;\"><\/div><div class=\"l-section-overlay\" style=\"background:rgba(0,0,0,0.40)\"><\/div><div class=\"l-section-h i-cf\"><div class=\"g-cols vc_row via_grid cols_1 laptops-cols_inherit tablets-cols_inherit mobiles-cols_1 valign_top type_default stacking_default\"><div class=\"wpb_column vc_column_container\"><div class=\"vc_column-inner\"><h1 class=\"w-text us_custom_48144f81 has_text_color\"><span class=\"w-text-h\"><span class=\"w-text-value\">TRANSFORMATION DES VIANDES<\/span><\/span><\/h1><\/div><\/div><\/div><\/div><\/section><section class=\"l-section wpb_row us_custom_19737bc8 height_medium\"><div class=\"l-section-h i-cf\"><div class=\"g-cols vc_row via_grid cols_1 laptops-cols_inherit tablets-cols_inherit mobiles-cols_1 valign_top type_default stacking_default\"><div class=\"wpb_column vc_column_container\"><div class=\"vc_column-inner\"><div class=\"w-image align_none\"><div class=\"w-image-h\"><img decoding=\"async\" width=\"1920\" height=\"673\" src=\"https:\/\/cogemat.it\/wp-content\/uploads\/2022\/07\/Schermata-2022-07-15-alle-11.30.18.jpg\" class=\"attachment-full size-full\" alt=\"\" loading=\"lazy\" srcset=\"https:\/\/cogemat.it\/wp-content\/uploads\/2022\/07\/Schermata-2022-07-15-alle-11.30.18.jpg 1920w, https:\/\/cogemat.it\/wp-content\/uploads\/2022\/07\/Schermata-2022-07-15-alle-11.30.18-300x105.jpg 300w, https:\/\/cogemat.it\/wp-content\/uploads\/2022\/07\/Schermata-2022-07-15-alle-11.30.18-1024x359.jpg 1024w, https:\/\/cogemat.it\/wp-content\/uploads\/2022\/07\/Schermata-2022-07-15-alle-11.30.18-60x21.jpg 60w, https:\/\/cogemat.it\/wp-content\/uploads\/2022\/07\/Schermata-2022-07-15-alle-11.30.18-600x210.jpg 600w\" sizes=\"(max-width: 1920px) 100vw, 1920px\" \/><\/div><\/div><\/div><\/div><\/div><\/div><\/section><section class=\"l-section wpb_row height_medium\"><div class=\"l-section-h i-cf\"><div class=\"g-cols vc_row via_grid cols_1 laptops-cols_inherit tablets-cols_inherit mobiles-cols_1 valign_top type_default stacking_default\"><div class=\"wpb_column vc_column_container\"><div class=\"vc_column-inner\"><div class=\"wpb_text_column us_custom_d937dc55\"><div class=\"wpb_wrapper\"><p>Afin de rendre l\u2019activit\u00e9 de nos clients plus prosp\u00e8re et rentable, on fournit la machine la plus adapt\u00e9e aux besoins de transformation et d\u2019emballage du produit afin de le vendre en frais, pr\u00eat \u00e0 la cong\u00e9lation, pour la distribution ou aussi bien pour l\u2019export.<\/p>\n<\/div><\/div><\/div><\/div><\/div><\/div><\/section><section class=\"l-section wpb_row height_medium\"><div class=\"l-section-h i-cf\"><div class=\"g-cols vc_row via_grid cols_3 laptops-cols_inherit tablets-cols_inherit mobiles-cols_1 valign_top type_default stacking_default\"><div class=\"wpb_column vc_column_container type_sticky\"><div class=\"vc_column-inner\"><div class=\"w-image align_none\"><div class=\"w-image-h\"><img decoding=\"async\" width=\"600\" height=\"480\" src=\"https:\/\/cogemat.it\/wp-content\/uploads\/2022\/07\/1.-Grinder.jpg\" class=\"attachment-large size-large\" alt=\"\" loading=\"lazy\" srcset=\"https:\/\/cogemat.it\/wp-content\/uploads\/2022\/07\/1.-Grinder.jpg 600w, https:\/\/cogemat.it\/wp-content\/uploads\/2022\/07\/1.-Grinder-300x240.jpg 300w, https:\/\/cogemat.it\/wp-content\/uploads\/2022\/07\/1.-Grinder-56x45.jpg 56w, https:\/\/cogemat.it\/wp-content\/uploads\/2022\/07\/1.-Grinder-500x400.jpg 500w\" sizes=\"(max-width: 600px) 100vw, 600px\" \/><\/div><\/div><div class=\"wpb_text_column\"><div class=\"wpb_wrapper\"><p>Hachoir \u00e0 chargement automatique de mati\u00e8re premi\u00e8re pour viandes hach\u00e9es<\/p>\n<\/div><\/div><div class=\"w-separator us_custom_678dfb82 has_text_color size_custom with_line width_default thick_5 style_solid color_primary align_center\" style=\"height:\" id=\"pe6c\"><style>@media(max-width:1024px){ #pe6c{height:10px!important}}@media(max-width:600px){ #pe6c{height:10px!important}}<\/style><div class=\"w-separator-h\"><\/div><\/div><\/div><\/div><div class=\"wpb_column vc_column_container\"><div class=\"vc_column-inner\"><div class=\"w-image us_custom_0940df24 align_none has_bg_color\"><div class=\"w-image-h\"><img decoding=\"async\" width=\"600\" height=\"480\" src=\"https:\/\/cogemat.it\/wp-content\/uploads\/2022\/07\/2.-mixer-cogemat.jpg\" class=\"attachment-large size-large\" alt=\"\" loading=\"lazy\" srcset=\"https:\/\/cogemat.it\/wp-content\/uploads\/2022\/07\/2.-mixer-cogemat.jpg 600w, https:\/\/cogemat.it\/wp-content\/uploads\/2022\/07\/2.-mixer-cogemat-300x240.jpg 300w, https:\/\/cogemat.it\/wp-content\/uploads\/2022\/07\/2.-mixer-cogemat-56x45.jpg 56w, https:\/\/cogemat.it\/wp-content\/uploads\/2022\/07\/2.-mixer-cogemat-500x400.jpg 500w\" sizes=\"(max-width: 600px) 100vw, 600px\" \/><\/div><\/div><div class=\"wpb_text_column\"><div class=\"wpb_wrapper\"><p>M\u00e9langeur d\u2019\u00e9pices et viande hach\u00e9e<\/p>\n<\/div><\/div><div class=\"w-separator us_custom_678dfb82 has_text_color size_custom with_line width_default thick_5 style_solid color_primary align_center\" style=\"height:\" id=\"ia7a\"><style>@media(max-width:1024px){ #ia7a{height:10px!important}}@media(max-width:600px){ #ia7a{height:10px!important}}<\/style><div class=\"w-separator-h\"><\/div><\/div><\/div><\/div><div class=\"wpb_column vc_column_container\"><div class=\"vc_column-inner\"><div class=\"w-image us_custom_c8ce00e4 align_none has_bg_color\"><div class=\"w-image-h\"><img decoding=\"async\" width=\"600\" height=\"480\" src=\"https:\/\/cogemat.it\/wp-content\/uploads\/2022\/07\/filler-cogemat.jpg\" class=\"attachment-large size-large\" alt=\"\" loading=\"lazy\" srcset=\"https:\/\/cogemat.it\/wp-content\/uploads\/2022\/07\/filler-cogemat.jpg 600w, https:\/\/cogemat.it\/wp-content\/uploads\/2022\/07\/filler-cogemat-300x240.jpg 300w, https:\/\/cogemat.it\/wp-content\/uploads\/2022\/07\/filler-cogemat-56x45.jpg 56w, https:\/\/cogemat.it\/wp-content\/uploads\/2022\/07\/filler-cogemat-500x400.jpg 500w\" sizes=\"(max-width: 600px) 100vw, 600px\" \/><\/div><\/div><div class=\"wpb_text_column\"><div class=\"wpb_wrapper\"><p>Machine de remplissage automatique fonctionnant sous vide adapt\u00e9e \u00e0 diff\u00e9rents diam\u00e8tres de saucisses<\/p>\n<\/div><\/div><div class=\"w-separator us_custom_678dfb82 has_text_color size_custom with_line width_default thick_5 style_solid color_primary align_center\" style=\"height:\" id=\"h6b5\"><style>@media(max-width:1024px){ #h6b5{height:10px!important}}@media(max-width:600px){ #h6b5{height:10px!important}}<\/style><div class=\"w-separator-h\"><\/div><\/div><\/div><\/div><\/div><\/div><\/section><section class=\"l-section wpb_row us_custom_887a049b height_medium\"><div class=\"l-section-h i-cf\"><div class=\"g-cols vc_row via_grid cols_3 laptops-cols_inherit tablets-cols_inherit mobiles-cols_1 valign_top type_default stacking_default\"><div class=\"wpb_column vc_column_container type_sticky\"><div class=\"vc_column-inner\"><div class=\"w-image align_none\"><div class=\"w-image-h\"><img decoding=\"async\" width=\"600\" height=\"480\" src=\"https:\/\/cogemat.it\/wp-content\/uploads\/2022\/07\/sausage-machine-cogemat.jpg\" class=\"attachment-large size-large\" alt=\"\" loading=\"lazy\" srcset=\"https:\/\/cogemat.it\/wp-content\/uploads\/2022\/07\/sausage-machine-cogemat.jpg 600w, https:\/\/cogemat.it\/wp-content\/uploads\/2022\/07\/sausage-machine-cogemat-300x240.jpg 300w, https:\/\/cogemat.it\/wp-content\/uploads\/2022\/07\/sausage-machine-cogemat-56x45.jpg 56w, https:\/\/cogemat.it\/wp-content\/uploads\/2022\/07\/sausage-machine-cogemat-500x400.jpg 500w\" sizes=\"(max-width: 600px) 100vw, 600px\" \/><\/div><\/div><div class=\"wpb_text_column\"><div class=\"wpb_wrapper\"><p>Machine enti\u00e8rement automatique pour diff\u00e9rents diam\u00e8tres de saucisse<\/p>\n<\/div><\/div><div class=\"w-separator us_custom_678dfb82 has_text_color size_custom with_line width_default thick_5 style_solid color_primary align_center\" style=\"height:\" id=\"e3fb\"><style>@media(max-width:1024px){ #e3fb{height:10px!important}}@media(max-width:600px){ #e3fb{height:10px!important}}<\/style><div class=\"w-separator-h\"><\/div><\/div><\/div><\/div><div class=\"wpb_column vc_column_container\"><div class=\"vc_column-inner\"><div class=\"w-image align_none\"><div class=\"w-image-h\"><img decoding=\"async\" width=\"600\" height=\"480\" src=\"https:\/\/cogemat.it\/wp-content\/uploads\/2022\/07\/hamburgatrice-cogemat.jpg\" class=\"attachment-large size-large\" alt=\"\" loading=\"lazy\" srcset=\"https:\/\/cogemat.it\/wp-content\/uploads\/2022\/07\/hamburgatrice-cogemat.jpg 600w, https:\/\/cogemat.it\/wp-content\/uploads\/2022\/07\/hamburgatrice-cogemat-300x240.jpg 300w, https:\/\/cogemat.it\/wp-content\/uploads\/2022\/07\/hamburgatrice-cogemat-56x45.jpg 56w, https:\/\/cogemat.it\/wp-content\/uploads\/2022\/07\/hamburgatrice-cogemat-500x400.jpg 500w\" sizes=\"(max-width: 600px) 100vw, 600px\" \/><\/div><\/div><div class=\"wpb_text_column\"><div class=\"wpb_wrapper\"><p>Machine automatique pour hamburger adapt\u00e9 \u00e0 toute taille et diff\u00e9rentes formes de boulettes de viandes.<\/p>\n<\/div><\/div><div class=\"w-separator us_custom_678dfb82 has_text_color size_custom with_line width_default thick_5 style_solid color_primary align_center\" style=\"height:\" id=\"y0c2\"><style>@media(max-width:1024px){ #y0c2{height:10px!important}}@media(max-width:600px){ #y0c2{height:10px!important}}<\/style><div class=\"w-separator-h\"><\/div><\/div><\/div><\/div><div class=\"wpb_column vc_column_container\"><div class=\"vc_column-inner\"><div class=\"w-image align_none\"><div class=\"w-image-h\"><img decoding=\"async\" width=\"600\" height=\"480\" src=\"https:\/\/cogemat.it\/wp-content\/uploads\/2022\/07\/cogemat-meat-processing.jpg\" class=\"attachment-large size-large\" alt=\"\" loading=\"lazy\" srcset=\"https:\/\/cogemat.it\/wp-content\/uploads\/2022\/07\/cogemat-meat-processing.jpg 600w, https:\/\/cogemat.it\/wp-content\/uploads\/2022\/07\/cogemat-meat-processing-300x240.jpg 300w, https:\/\/cogemat.it\/wp-content\/uploads\/2022\/07\/cogemat-meat-processing-56x45.jpg 56w, https:\/\/cogemat.it\/wp-content\/uploads\/2022\/07\/cogemat-meat-processing-500x400.jpg 500w\" sizes=\"(max-width: 600px) 100vw, 600px\" \/><\/div><\/div><div class=\"wpb_text_column\"><div class=\"wpb_wrapper\"><p>Lignes compl\u00e8tes pour le thermoscellage, boulettes de viande, hamburger et viande hach\u00e9e<\/p>\n<\/div><\/div><div class=\"w-separator us_custom_678dfb82 has_text_color size_custom with_line width_default thick_5 style_solid color_primary align_center\" style=\"height:\" id=\"jb3e\"><style>@media(max-width:1024px){ #jb3e{height:10px!important}}@media(max-width:600px){ #jb3e{height:10px!important}}<\/style><div class=\"w-separator-h\"><\/div><\/div><\/div><\/div><\/div><\/div><\/section>\n","protected":false},"excerpt":{"rendered":"TRANSFORMATION DES VIANDESAfin de rendre l\u2019activit\u00e9 de nos clients plus prosp\u00e8re et rentable, on fournit la machine la plus adapt\u00e9e aux besoins de transformation et d\u2019emballage du produit afin de le vendre en frais, pr\u00eat \u00e0 la cong\u00e9lation, pour la distribution ou aussi bien pour l\u2019export. Hachoir \u00e0 chargement automatique de mati\u00e8re premi\u00e8re pour viandes...","protected":false},"author":6,"featured_media":0,"parent":0,"menu_order":0,"comment_status":"closed","ping_status":"closed","template":"","meta":{"footnotes":""},"_links":{"self":[{"href":"https:\/\/cogemat.it\/fr\/wp-json\/wp\/v2\/pages\/1866"}],"collection":[{"href":"https:\/\/cogemat.it\/fr\/wp-json\/wp\/v2\/pages"}],"about":[{"href":"https:\/\/cogemat.it\/fr\/wp-json\/wp\/v2\/types\/page"}],"author":[{"embeddable":true,"href":"https:\/\/cogemat.it\/fr\/wp-json\/wp\/v2\/users\/6"}],"replies":[{"embeddable":true,"href":"https:\/\/cogemat.it\/fr\/wp-json\/wp\/v2\/comments?post=1866"}],"version-history":[{"count":5,"href":"https:\/\/cogemat.it\/fr\/wp-json\/wp\/v2\/pages\/1866\/revisions"}],"predecessor-version":[{"id":2037,"href":"https:\/\/cogemat.it\/fr\/wp-json\/wp\/v2\/pages\/1866\/revisions\/2037"}],"wp:attachment":[{"href":"https:\/\/cogemat.it\/fr\/wp-json\/wp\/v2\/media?parent=1866"}],"curies":[{"name":"wp","href":"https:\/\/api.w.org\/{rel}","templated":true}]}}